{"id":2523,"date":"2026-02-06T13:50:50","date_gmt":"2026-02-06T12:50:50","guid":{"rendered":"https:\/\/pabianice-dps.pl\/?page_id=2523"},"modified":"2026-02-06T13:50:50","modified_gmt":"2026-02-06T12:50:50","slug":"zfss","status":"publish","type":"page","link":"https:\/\/pabianice-dps.pl\/?page_id=2523","title":{"rendered":"ZF\u015aS"},"content":{"rendered":"<p>&nbsp;<\/p>\n<p><a href=\"https:\/\/pabianice-dps.pl\/wp-content\/uploads\/2026\/02\/REGULAMIN_ZFSS_2024_r_-_podpisany-2.pdf\">REGULAMIN_ZF\u015aS_2024_r_<\/a><\/p>\n<p><a href=\"https:\/\/pabianice-dps.pl\/wp-content\/uploads\/2026\/02\/zal_1_oswiadczenie_o_sytuacji_rodzinnej_i_materialnej_2024_-_poprawione4.pdf\">za\u0142_1_o\u015bwiadczenie_o_sytuacji_rodzinnej_i_materialnej_2024_-_poprawione<\/a><\/p>\n<p><a href=\"https:\/\/pabianice-dps.pl\/wp-content\/uploads\/2026\/02\/zal_2_wniosek_o_pozyczke_mieszkaniowa_z_oswiadczeniem.pdf\">za\u0142_2_wniosek_o_po\u017cyczk\u0119_mieszkaniow\u0105_z_o\u015bwiadczeniem<\/a><\/p>\n<p><a href=\"https:\/\/pabianice-dps.pl\/wp-content\/uploads\/2026\/02\/zal_3_umowa_o_pozyczke_mieszkaniowa.pdf\">za\u0142_3_umowa_o_po\u017cyczk\u0119_mieszkaniow\u0105<\/a><\/p>\n<p><a href=\"https:\/\/pabianice-dps.pl\/wp-content\/uploads\/2026\/02\/zal_4_wniosek_o_wypoczynek_we_wlasnym_zakresie_4.pdf\">za\u0142_4_wniosek_o_wypoczynek_we_wlasnym_zakresie<\/a><\/p>\n<p><a href=\"https:\/\/pabianice-dps.pl\/wp-content\/uploads\/2026\/02\/zal_5_wniosek_o_sport6.pdf\">za\u0142_5_wniosek_o_sport<\/a><\/p>\n<p><a href=\"https:\/\/pabianice-dps.pl\/wp-content\/uploads\/2026\/02\/zal_6_wniosek_o_swiadczenie_swiateczne3.pdf\">za\u0142_6_wniosek_o_\u015bwiadczenie_\u015bwi\u0105teczne<\/a><\/p>\n<p><a href=\"https:\/\/pabianice-dps.pl\/wp-content\/uploads\/2026\/02\/zal_7_wniosek_o_zapomoge.pdf\">za\u0142_7_wniosek_o_zapomog\u0119<\/a><\/p>\n<p><a href=\"https:\/\/pabianice-dps.pl\/wp-content\/uploads\/2026\/02\/zal_8_Regulamin_Komisji_Socjalnej3.pdf\">za\u0142_8_Regulamin_Komisji_Socjalnej<\/a><\/p>\n<p>&nbsp;<\/p>\n<p>&nbsp;<\/p>\n<p>&nbsp;<\/p>\n<p>&nbsp;<\/p>\n<p>&nbsp;<\/p>\n<p>&nbsp;<\/p>\n<p>&nbsp;<\/p>\n<p>&nbsp;<\/p>\n","protected":false},"excerpt":{"rendered":"<p>&nbsp; REGULAMIN_ZF\u015aS_2024_r_ za\u0142_1_o\u015bwiadczenie_o_sytuacji_rodzinnej_i_materialnej_2024_-_poprawione za\u0142_2_wniosek_o_po\u017cyczk\u0119_mieszkaniow\u0105_z_o\u015bwiadczeniem za\u0142_3_umowa_o_po\u017cyczk\u0119_mieszkaniow\u0105 za\u0142_4_wniosek_o_wypoczynek_we_wlasnym_zakresie za\u0142_5_wniosek_o_sport za\u0142_6_wniosek_o_\u015bwiadczenie_\u015bwi\u0105teczne za\u0142_7_wniosek_o_zapomog\u0119 za\u0142_8_Regulamin_Komisji_Socjalnej<a href=\"https:\/\/pabianice-dps.pl\/?page_id=2523\" rel=\"nofollow\">[&#8230;]<\/a><\/p>\n","protected":false},"author":3,"featured_media":0,"parent":0,"menu_order":0,"comment_status":"closed","ping_status":"closed","template":"","meta":[],"_links":{"self":[{"href":"https:\/\/pabianice-dps.pl\/index.php?rest_route=\/wp\/v2\/pages\/2523"}],"collection":[{"href":"https:\/\/pabianice-dps.pl\/index.php?rest_route=\/wp\/v2\/pages"}],"about":[{"href":"https:\/\/pabianice-dps.pl\/index.php?rest_route=\/wp\/v2\/types\/page"}],"author":[{"embeddable":true,"href":"https:\/\/pabianice-dps.pl\/index.php?rest_route=\/wp\/v2\/users\/3"}],"replies":[{"embeddable":true,"href":"https:\/\/pabianice-dps.pl\/index.php?rest_route=%2Fwp%2Fv2%2Fcomments&post=2523"}],"version-history":[{"count":1,"href":"https:\/\/pabianice-dps.pl\/index.php?rest_route=\/wp\/v2\/pages\/2523\/revisions"}],"predecessor-version":[{"id":2533,"href":"https:\/\/pabianice-dps.pl\/index.php?rest_route=\/wp\/v2\/pages\/2523\/revisions\/2533"}],"wp:attachment":[{"href":"https:\/\/pabianice-dps.pl\/index.php?rest_route=%2Fwp%2Fv2%2Fmedia&parent=2523"}],"curies":[{"name":"wp","href":"https:\/\/api.w.org\/{rel}","templated":true}]}}